{"id":44,"date":"2025-12-01T13:16:28","date_gmt":"2025-12-01T12:16:28","guid":{"rendered":"https:\/\/mediaworld.uefa.sz-ybbs.ac.at\/?page_id=44"},"modified":"2026-01-21T14:54:02","modified_gmt":"2026-01-21T13:54:02","slug":"leitbild","status":"publish","type":"page","link":"https:\/\/mediaworld.uefa.sz-ybbs.ac.at\/?page_id=44","title":{"rendered":"Leitbild"},"content":{"rendered":"\n<p><strong>Leitbild<\/strong><\/p>\n\n\n\n<p><strong>Unternehmen<\/strong><\/p>\n\n\n\n<p>Media World GmbH ist eine \u00dcbungsfirma der HAK Ybbs, die mit elektronischen Produkten handelt und Kontakte mit \u00dcbungsfirmen am \u00f6sterreichischen und europ\u00e4ischen \u00dcbungsfirmenmarkt pflegt.<\/p>\n\n\n\n<p>Die Hartlauer GmbH pr\u00e4sentiert unsere Partnerfirma und stellt f\u00fcr die Media World GmbH den Hauptlieferanten dar.<\/p>\n\n\n\n<p><strong>Lernort<\/strong><\/p>\n\n\n\n<ul class=\"wp-block-list\">\n<li>In diesem praxisbezogenen Unterrichtsfach \u00fcbernehmen die Lehrpersonen die Rolle der Unternehmensf\u00fchrung und stehen den Sch\u00fclern als Coaches mit Rat und Tat zur Seite.<\/li>\n\n\n\n<li>Die Sch\u00fclerinnen und Sch\u00fcler bekommen durch praxisbezogene Arbeit in einzelnen Bereichen unserer \u00dcbungsfirma einen Einblick in das t\u00e4gliche Berufsleben.<\/li>\n\n\n\n<li>Die Mitarbeiterinnen und Mitarbeiter sollen in den Strukturen und mit den Abl\u00e4ufen eines Unternehmens arbeiten k\u00f6nnen.<\/li>\n\n\n\n<li>Die Mitarbeiterinnen und Mitarbeiter sollen in Teams arbeiten und ihre Aufgaben inhaltlich richtig und termingerecht erledigen.<\/li>\n\n\n\n<li>Ziel unserer Bem\u00fchungen ist die Weiterentwicklung jeder einzelnen Mitarbeiterin bzw. jedes einzelnen Mitarbeiters.<\/li>\n<\/ul>\n\n\n\n<p><strong>Kunden<\/strong><\/p>\n\n\n\n<p>Unsere Kunden umfassen interne und externe \u00dcbungsfirmen.<\/p>\n\n\n\n<p>Wir bieten unseren Kunden qualitativ hochwertige Produkte und fachliche Kompetenz.<\/p>\n\n\n\n<p>Da uns die Kundenzufriedenheit sehr am Herzen liegt, sind wir stets bem\u00fcht, Bestellungen so rasch und gewissenhaft wie m\u00f6glich zu bearbeiten.<\/p>\n\n\n\n<p><strong>Produkte<\/strong><\/p>\n\n\n\n<p>Um auf die W\u00fcnsche und Bed\u00fcrfnisse unserer Kunden bestens reagieren zu k\u00f6nnen, werden bei uns laufend neue Angebote erarbeitet und unsere Produktpalette st\u00e4ndig aktualisiert.<\/p>\n\n\n\n<p>Unser Ziel ist es, aktuelle Produkte zu attraktiven Preisen anzubieten.<\/p>\n\n\n\n<p><strong>Mitarbeiter<\/strong><\/p>\n\n\n\n<p>Unsere Mitarbeiterinnen und Mitarbeiter sind die Basis f\u00fcr unseren Erfolg der \u00dcbungsfirma.<\/p>\n\n\n\n<p>Beim Personal setzen wir auf st\u00e4ndige Weiterbildung und Entwicklung.<\/p>\n\n\n\n<p>Kreativit\u00e4t und Flexibilit\u00e4t spielen bei uns eine wichtige Rolle.<\/p>\n\n\n\n<p>Wir sch\u00e4tzen bei unseren Mitarbeitern die F\u00e4higkeit zur Teamarbeit, aber auch Individualit\u00e4t bei der Erf\u00fcllung ihrer Aufgaben.<\/p>\n\n\n\n<p>Dadurch wird auch die Erf\u00fcllung aller Unternehmensziele erm\u00f6glicht und gef\u00f6rdert.<\/p>\n\n\n\n<p><strong>Lieferanten<\/strong><\/p>\n\n\n\n<p>Wir w\u00e4hlen unsere Lieferanten sorgf\u00e4ltig aus und achten besonders auf Verl\u00e4sslichkeit und beste Qualit\u00e4t. Langj\u00e4hrige Gesch\u00e4ftsbeziehungen sind uns ebenfalls sehr wichtig.<\/p>\n\n\n\n<p><strong>Strategische Ziele und Jahresschwerpunkte<\/strong><\/p>\n\n\n\n<ul class=\"wp-block-list\">\n<li>Hausmesse an den Infotagen<\/li>\n\n\n\n<li>Erweiterung des Kundenstamms und der internationalen Gesch\u00e4ftskontakte<\/li>\n\n\n\n<li>Teilnahme an regionalen \u00dcFA-Messen<\/li>\n\n\n\n<li>\u00dcFA Upgrade 2026<\/li>\n\n\n\n<li>Qualit\u00e4ts-Audit 2026<\/li>\n<\/ul>\n\n\n\n<p><strong>Digitalisierung<\/strong><\/p>\n\n\n\n<ul class=\"wp-block-list\">\n<li>Abwicklung des Gesch\u00e4ftsverkehrs gro\u00dfteils digital<\/li>\n\n\n\n<li>durch Einsatz von verschiedenen Software-Tools:\n<ul class=\"wp-block-list\">\n<li>MS-Office: Word, Excel, PowerPoint, Teams<\/li>\n\n\n\n<li>BMD<\/li>\n\n\n\n<li>Outlook<\/li>\n\n\n\n<li>Instagram<\/li>\n\n\n\n<li>TikTok<\/li>\n\n\n\n<li>Google-Dienste: Gmail<\/li>\n<\/ul>\n<\/li>\n\n\n\n<li>durch Nutzung und Bereitstellung digitaler Serviceangebote:\n<ul class=\"wp-block-list\">\n<li>WebShop<\/li>\n\n\n\n<li>WerbeAds<\/li>\n\n\n\n<li>Finanz Online<\/li>\n\n\n\n<li>Online Banking<\/li>\n\n\n\n<li>ELDA \u2013 SV-Online<\/li>\n\n\n\n<li>marketplace<\/li>\n\n\n\n<li>WordPress<\/li>\n<\/ul>\n<\/li>\n<\/ul>\n\n\n\n<p><strong>Nachhaltigkeit<\/strong><\/p>\n\n\n\n<ul class=\"wp-block-list\">\n<li>nachhaltige Produkte im Sortiment<\/li>\n\n\n\n<li>Nachhaltigkeit als wichtiges Kriterium beim Einkauf<\/li>\n\n\n\n<li>Einsparen von Ressourcen durch Digitalisierung<\/li>\n\n\n\n<li>Nutzung von \u00f6ffentlichen Verkehrsmitteln<\/li>\n\n\n\n<li>M\u00fclltrennung<\/li>\n\n\n\n<li>faire Arbeitsbedingungen<\/li>\n<\/ul>\n","protected":false},"excerpt":{"rendered":"<p>Leitbild Unternehmen Media World GmbH ist eine \u00dcbungsfirma der HAK Ybbs, die mit elektronischen Produkten handelt und Kontakte mit \u00dcbungsfirmen am \u00f6sterreichischen und europ\u00e4ischen \u00dcbungsfirmenmarkt pflegt. Die Hartlauer GmbH pr\u00e4sentiert unsere Partnerfirma und stellt f\u00fcr die Media World GmbH den Hauptlieferanten dar. Lernort Kunden Unsere Kunden umfassen interne und externe \u00dcbungsfirmen. Wir bieten unseren Kunden [&hellip;]<\/p>\n","protected":false},"author":1,"featured_media":0,"parent":0,"menu_order":0,"comment_status":"closed","ping_status":"closed","template":"","meta":{"_themeisle_gutenberg_block_has_review":false,"footnotes":""},"class_list":["post-44","page","type-page","status-publish","hentry"],"_links":{"self":[{"href":"https:\/\/mediaworld.uefa.sz-ybbs.ac.at\/index.php?rest_route=\/wp\/v2\/pages\/44","targetHints":{"allow":["GET"]}}],"collection":[{"href":"https:\/\/mediaworld.uefa.sz-ybbs.ac.at\/index.php?rest_route=\/wp\/v2\/pages"}],"about":[{"href":"https:\/\/mediaworld.uefa.sz-ybbs.ac.at\/index.php?rest_route=\/wp\/v2\/types\/page"}],"author":[{"embeddable":true,"href":"https:\/\/mediaworld.uefa.sz-ybbs.ac.at\/index.php?rest_route=\/wp\/v2\/users\/1"}],"replies":[{"embeddable":true,"href":"https:\/\/mediaworld.uefa.sz-ybbs.ac.at\/index.php?rest_route=%2Fwp%2Fv2%2Fcomments&post=44"}],"version-history":[{"count":4,"href":"https:\/\/mediaworld.uefa.sz-ybbs.ac.at\/index.php?rest_route=\/wp\/v2\/pages\/44\/revisions"}],"predecessor-version":[{"id":279,"href":"https:\/\/mediaworld.uefa.sz-ybbs.ac.at\/index.php?rest_route=\/wp\/v2\/pages\/44\/revisions\/279"}],"wp:attachment":[{"href":"https:\/\/mediaworld.uefa.sz-ybbs.ac.at\/index.php?rest_route=%2Fwp%2Fv2%2Fmedia&parent=44"}],"curies":[{"name":"wp","href":"https:\/\/api.w.org\/{rel}","templated":true}]}}