{"id":48,"date":"2025-12-01T13:16:49","date_gmt":"2025-12-01T12:16:49","guid":{"rendered":"https:\/\/mediaworld.uefa.sz-ybbs.ac.at\/?page_id=48"},"modified":"2026-01-21T14:57:30","modified_gmt":"2026-01-21T13:57:30","slug":"partnerfirma","status":"publish","type":"page","link":"https:\/\/mediaworld.uefa.sz-ybbs.ac.at\/?page_id=48","title":{"rendered":"Partnerfirma"},"content":{"rendered":"\n<p>Unsere Partnerfirma ist die Hartlauer GmbH.<\/p>\n\n\n\n<p>Die&nbsp;<a href=\"http:\/\/www.hartlauer.at\/?utm_source=Google&amp;utm_medium=Search&amp;utm_content=_AT_SEA_Branding_KW_hartlauer.at_1&amp;utm_campaign=_AT_SEA_Branding&amp;cm_mmc=Google-_-_AT_SEA_Branding-_-_AT_SEA_Branding_KW_hartlauer.at_1-_-Search\">Hartlauer GmbH<\/a>&nbsp;ist ein eigent\u00fcmergef\u00fchrtes Foto-, Optik-, H\u00f6rger\u00e4te- und Elektronikhandelsunternehmen mit Hauptsitz in&nbsp;<a href=\"https:\/\/de.wikipedia.org\/wiki\/Steyr\">Steyr<\/a>&nbsp;(<a href=\"https:\/\/de.wikipedia.org\/wiki\/Ober%C3%B6sterreich\">Ober\u00f6sterreich<\/a>).<\/p>\n\n\n\n<p>Hartlauer ist ein Familienunternehmen mit 160 Gesch\u00e4ften und insgesamt 2.054 Mitarbeiter:innen \u00f6sterreichweit.<\/p>\n","protected":false},"excerpt":{"rendered":"<p>Unsere Partnerfirma ist die Hartlauer GmbH. Die&nbsp;Hartlauer GmbH&nbsp;ist ein eigent\u00fcmergef\u00fchrtes Foto-, Optik-, H\u00f6rger\u00e4te- und Elektronikhandelsunternehmen mit Hauptsitz in&nbsp;Steyr&nbsp;(Ober\u00f6sterreich). Hartlauer ist ein Familienunternehmen mit 160 Gesch\u00e4ften und insgesamt 2.054 Mitarbeiter:innen \u00f6sterreichweit.<\/p>\n","protected":false},"author":1,"featured_media":0,"parent":0,"menu_order":0,"comment_status":"closed","ping_status":"closed","template":"","meta":{"_themeisle_gutenberg_block_has_review":false,"footnotes":""},"class_list":["post-48","page","type-page","status-publish","hentry"],"_links":{"self":[{"href":"https:\/\/mediaworld.uefa.sz-ybbs.ac.at\/index.php?rest_route=\/wp\/v2\/pages\/48","targetHints":{"allow":["GET"]}}],"collection":[{"href":"https:\/\/mediaworld.uefa.sz-ybbs.ac.at\/index.php?rest_route=\/wp\/v2\/pages"}],"about":[{"href":"https:\/\/mediaworld.uefa.sz-ybbs.ac.at\/index.php?rest_route=\/wp\/v2\/types\/page"}],"author":[{"embeddable":true,"href":"https:\/\/mediaworld.uefa.sz-ybbs.ac.at\/index.php?rest_route=\/wp\/v2\/users\/1"}],"replies":[{"embeddable":true,"href":"https:\/\/mediaworld.uefa.sz-ybbs.ac.at\/index.php?rest_route=%2Fwp%2Fv2%2Fcomments&post=48"}],"version-history":[{"count":4,"href":"https:\/\/mediaworld.uefa.sz-ybbs.ac.at\/index.php?rest_route=\/wp\/v2\/pages\/48\/revisions"}],"predecessor-version":[{"id":281,"href":"https:\/\/mediaworld.uefa.sz-ybbs.ac.at\/index.php?rest_route=\/wp\/v2\/pages\/48\/revisions\/281"}],"wp:attachment":[{"href":"https:\/\/mediaworld.uefa.sz-ybbs.ac.at\/index.php?rest_route=%2Fwp%2Fv2%2Fmedia&parent=48"}],"curies":[{"name":"wp","href":"https:\/\/api.w.org\/{rel}","templated":true}]}}