{"id":50,"date":"2025-12-01T13:17:05","date_gmt":"2025-12-01T12:17:05","guid":{"rendered":"https:\/\/mediaworld.uefa.sz-ybbs.ac.at\/?page_id=50"},"modified":"2026-01-21T14:59:09","modified_gmt":"2026-01-21T13:59:09","slug":"unser-unternehmen","status":"publish","type":"page","link":"https:\/\/mediaworld.uefa.sz-ybbs.ac.at\/?page_id=50","title":{"rendered":"Unser Unternehmen"},"content":{"rendered":"\n<p><strong>Unser Unternehmen<\/strong><\/p>\n\n\n\n<p><strong>Wer sind wir?<\/strong><\/p>\n\n\n\n<p>Die \u00dcbungsfirma Media World GmbH wurde im Jahre 2000 gegr\u00fcndet. Wir sind ein dynamisches und kundenorientiertes Unternehmen mit einem motivierten Team. Unser Unternehmen handelt mit elektronischen Produkten.<\/p>\n\n\n\n<p><strong>Was sind unsere St\u00e4rken?<\/strong><\/p>\n\n\n\n<p>Mit unserem Angebot an Produkten aus dem Elektronikbereich sind wir immer auf dem neuesten Stand der Technik. Aufgrund unserer bisherigen langj\u00e4hrigen unternehmerischen T\u00e4tigkeit wissen wir hervorragend mit Kunden umzugehen und diese fachkundig zu beraten. Die Beziehung zu unseren Kunden steht bei uns an erster Stelle, denn der Kunde ist K\u00f6nig und wird dementsprechend behandelt.<\/p>\n\n\n\n<p><strong>Was sind unsere Ziele?<\/strong><\/p>\n\n\n\n<p>Unser gr\u00f6\u00dftes Ziel ist die Zufriedenheit unserer Kunden. Au\u00dferdem wollen wir unseren Marktanteil stetig erweitern und den Bekanntheitsgrad in \u00d6sterreich und Europa steigern.<\/p>\n\n\n\n<p><strong>Was ist in unserem Sortiment?<\/strong><\/p>\n\n\n\n<p>Media World bietet Produkte aus folgenden Produktbereichen an:<\/p>\n\n\n\n<ul class=\"wp-block-list\">\n<li>Notebooks<\/li>\n\n\n\n<li>Tablets<\/li>\n\n\n\n<li>Handys<\/li>\n\n\n\n<li>Smartwatches<\/li>\n\n\n\n<li>Kameras<\/li>\n\n\n\n<li>Zubeh\u00f6r<\/li>\n<\/ul>\n\n\n\n<p><strong>Qualit\u00e4tszertifiziert durch den Qualit\u00e4tsaudit 202<\/strong>4<\/p>\n","protected":false},"excerpt":{"rendered":"<p>Unser Unternehmen Wer sind wir? Die \u00dcbungsfirma Media World GmbH wurde im Jahre 2000 gegr\u00fcndet. Wir sind ein dynamisches und kundenorientiertes Unternehmen mit einem motivierten Team. Unser Unternehmen handelt mit elektronischen Produkten. Was sind unsere St\u00e4rken? Mit unserem Angebot an Produkten aus dem Elektronikbereich sind wir immer auf dem neuesten Stand der Technik. Aufgrund unserer [&hellip;]<\/p>\n","protected":false},"author":1,"featured_media":0,"parent":0,"menu_order":0,"comment_status":"closed","ping_status":"closed","template":"","meta":{"_themeisle_gutenberg_block_has_review":false,"footnotes":""},"class_list":["post-50","page","type-page","status-publish","hentry"],"_links":{"self":[{"href":"https:\/\/mediaworld.uefa.sz-ybbs.ac.at\/index.php?rest_route=\/wp\/v2\/pages\/50","targetHints":{"allow":["GET"]}}],"collection":[{"href":"https:\/\/mediaworld.uefa.sz-ybbs.ac.at\/index.php?rest_route=\/wp\/v2\/pages"}],"about":[{"href":"https:\/\/mediaworld.uefa.sz-ybbs.ac.at\/index.php?rest_route=\/wp\/v2\/types\/page"}],"author":[{"embeddable":true,"href":"https:\/\/mediaworld.uefa.sz-ybbs.ac.at\/index.php?rest_route=\/wp\/v2\/users\/1"}],"replies":[{"embeddable":true,"href":"https:\/\/mediaworld.uefa.sz-ybbs.ac.at\/index.php?rest_route=%2Fwp%2Fv2%2Fcomments&post=50"}],"version-history":[{"count":4,"href":"https:\/\/mediaworld.uefa.sz-ybbs.ac.at\/index.php?rest_route=\/wp\/v2\/pages\/50\/revisions"}],"predecessor-version":[{"id":283,"href":"https:\/\/mediaworld.uefa.sz-ybbs.ac.at\/index.php?rest_route=\/wp\/v2\/pages\/50\/revisions\/283"}],"wp:attachment":[{"href":"https:\/\/mediaworld.uefa.sz-ybbs.ac.at\/index.php?rest_route=%2Fwp%2Fv2%2Fmedia&parent=50"}],"curies":[{"name":"wp","href":"https:\/\/api.w.org\/{rel}","templated":true}]}}