{"id":58,"date":"2025-12-01T13:18:23","date_gmt":"2025-12-01T12:18:23","guid":{"rendered":"https:\/\/mediaworld.uefa.sz-ybbs.ac.at\/?page_id=58"},"modified":"2026-01-21T15:57:50","modified_gmt":"2026-01-21T14:57:50","slug":"news","status":"publish","type":"page","link":"https:\/\/mediaworld.uefa.sz-ybbs.ac.at\/?page_id=58","title":{"rendered":"News"},"content":{"rendered":"\n<p><strong><em>Hausmesse 2025<\/em><\/strong><\/p>\n\n\n\n<figure class=\"wp-block-gallery has-nested-images columns-default is-cropped wp-block-gallery-1 is-layout-flex wp-block-gallery-is-layout-flex\">\n<figure class=\"wp-block-image size-large\"><img loading=\"lazy\" decoding=\"async\" width=\"361\" height=\"361\" data-id=\"221\" src=\"https:\/\/mediaworld.uefa.sz-ybbs.ac.at\/wp-content\/uploads\/2025\/12\/image-edited-1.png\" alt=\"\" class=\"wp-image-221\" srcset=\"https:\/\/mediaworld.uefa.sz-ybbs.ac.at\/wp-content\/uploads\/2025\/12\/image-edited-1.png 361w, https:\/\/mediaworld.uefa.sz-ybbs.ac.at\/wp-content\/uploads\/2025\/12\/image-edited-1-300x300.png 300w, https:\/\/mediaworld.uefa.sz-ybbs.ac.at\/wp-content\/uploads\/2025\/12\/image-edited-1-150x150.png 150w\" sizes=\"auto, (max-width: 361px) 100vw, 361px\" \/><\/figure>\n\n\n\n<figure class=\"wp-block-image size-large is-resized\"><img loading=\"lazy\" decoding=\"async\" width=\"838\" height=\"838\" data-id=\"222\" src=\"https:\/\/mediaworld.uefa.sz-ybbs.ac.at\/wp-content\/uploads\/2025\/12\/image-1-edited.png\" alt=\"\" class=\"wp-image-222\" style=\"width:364px;height:auto\" srcset=\"https:\/\/mediaworld.uefa.sz-ybbs.ac.at\/wp-content\/uploads\/2025\/12\/image-1-edited.png 838w, https:\/\/mediaworld.uefa.sz-ybbs.ac.at\/wp-content\/uploads\/2025\/12\/image-1-edited-300x300.png 300w, https:\/\/mediaworld.uefa.sz-ybbs.ac.at\/wp-content\/uploads\/2025\/12\/image-1-edited-150x150.png 150w, https:\/\/mediaworld.uefa.sz-ybbs.ac.at\/wp-content\/uploads\/2025\/12\/image-1-edited-768x768.png 768w\" sizes=\"auto, (max-width: 838px) 100vw, 838px\" \/><\/figure>\n<\/figure>\n\n\n\n<p>Die Hausmesse im Rahmen der Infotage der HAK\/HAS Ybbs fand am Freitag, den 14. November 2025 von 14:00 bis 18:00 Uhr im betriebswirtschaftlichen Zentrum statt. Die Besucher wurden von den Mitarbeiter:innen aus den Abteilungen Verkauf und Marketing empfangen. Bianca Aigelsreiter und Viktoria \u00dcbleis (Marketing) gaben einen Einblick in die \u00dcbungsfirma. Anschlie\u00dfend f\u00fchrten Marie Harant und Christian Nachbargauer (Verkauf) zahlreiche Verkaufsgespr\u00e4che. Im Rahmen eines Gewinnspiels hatten die Besucher die M\u00f6glichkeit, ab einem Einkaufswert von <em>\u20ac<\/em> 1.500 netto interessante Preise zu gewinnen. Insgesamt wurde ein Gesamtumsatz von <em>\u20ac<\/em> 61.000 ,- erzielt, wobei das Apple iPhone 14 128 GB purple mit 47 verkauften St\u00fcck das beliebteste Produkt war.<\/p>\n\n\n\n<div class=\"wp-block-columns is-layout-flex wp-container-core-columns-is-layout-28f84493 wp-block-columns-is-layout-flex\">\n<div class=\"wp-block-column is-layout-flow wp-block-column-is-layout-flow\" style=\"flex-basis:100%\">\n<p><strong><em>Neuer Katalog 2026 <\/em><\/strong><\/p>\n\n\n\n<figure class=\"wp-block-image size-large\"><img loading=\"lazy\" decoding=\"async\" width=\"2560\" height=\"1920\" src=\"https:\/\/mediaworld.uefa.sz-ybbs.ac.at\/wp-content\/uploads\/2026\/01\/Bild-Katalog-1-edited-scaled.png\" alt=\"\" class=\"wp-image-295\" srcset=\"https:\/\/mediaworld.uefa.sz-ybbs.ac.at\/wp-content\/uploads\/2026\/01\/Bild-Katalog-1-edited-scaled.png 2560w, https:\/\/mediaworld.uefa.sz-ybbs.ac.at\/wp-content\/uploads\/2026\/01\/Bild-Katalog-1-edited-300x225.png 300w, https:\/\/mediaworld.uefa.sz-ybbs.ac.at\/wp-content\/uploads\/2026\/01\/Bild-Katalog-1-edited-1024x768.png 1024w, https:\/\/mediaworld.uefa.sz-ybbs.ac.at\/wp-content\/uploads\/2026\/01\/Bild-Katalog-1-edited-768x576.png 768w, https:\/\/mediaworld.uefa.sz-ybbs.ac.at\/wp-content\/uploads\/2026\/01\/Bild-Katalog-1-edited-1536x1152.png 1536w, https:\/\/mediaworld.uefa.sz-ybbs.ac.at\/wp-content\/uploads\/2026\/01\/Bild-Katalog-1-edited-2048x1536.png 2048w\" sizes=\"auto, (max-width: 2560px) 100vw, 2560px\" \/><\/figure>\n<\/div>\n<\/div>\n\n\n\n<p>Der neue Katalog f\u00fcr 2026 ist da und wurde an all unsere Stammkunden verschickt. <br>Dieser zeigt unser Sortiment und enth\u00e4lt zahlreiche neue Produkte. Der Katalog beinhaltet die aktuellsten Trends bei Kameras, Handys, Notebooks, Tablets und Smartwatches. <br>Werfen Sie als Stammkunde einen Blick hinein und entdecken Sie die Produktneuheiten f\u00fcr 2026 oder besuchen Sie uns im Marketplace.<\/p>\n","protected":false},"excerpt":{"rendered":"<p>Hausmesse 2025 Die Hausmesse im Rahmen der Infotage der HAK\/HAS Ybbs fand am Freitag, den 14. November 2025 von 14:00 bis 18:00 Uhr im betriebswirtschaftlichen Zentrum statt. Die Besucher wurden von den Mitarbeiter:innen aus den Abteilungen Verkauf und Marketing empfangen. Bianca Aigelsreiter und Viktoria \u00dcbleis (Marketing) gaben einen Einblick in die \u00dcbungsfirma. Anschlie\u00dfend f\u00fchrten Marie [&hellip;]<\/p>\n","protected":false},"author":1,"featured_media":0,"parent":0,"menu_order":0,"comment_status":"closed","ping_status":"closed","template":"","meta":{"_themeisle_gutenberg_block_has_review":false,"footnotes":""},"class_list":["post-58","page","type-page","status-publish","hentry"],"_links":{"self":[{"href":"https:\/\/mediaworld.uefa.sz-ybbs.ac.at\/index.php?rest_route=\/wp\/v2\/pages\/58","targetHints":{"allow":["GET"]}}],"collection":[{"href":"https:\/\/mediaworld.uefa.sz-ybbs.ac.at\/index.php?rest_route=\/wp\/v2\/pages"}],"about":[{"href":"https:\/\/mediaworld.uefa.sz-ybbs.ac.at\/index.php?rest_route=\/wp\/v2\/types\/page"}],"author":[{"embeddable":true,"href":"https:\/\/mediaworld.uefa.sz-ybbs.ac.at\/index.php?rest_route=\/wp\/v2\/users\/1"}],"replies":[{"embeddable":true,"href":"https:\/\/mediaworld.uefa.sz-ybbs.ac.at\/index.php?rest_route=%2Fwp%2Fv2%2Fcomments&post=58"}],"version-history":[{"count":9,"href":"https:\/\/mediaworld.uefa.sz-ybbs.ac.at\/index.php?rest_route=\/wp\/v2\/pages\/58\/revisions"}],"predecessor-version":[{"id":298,"href":"https:\/\/mediaworld.uefa.sz-ybbs.ac.at\/index.php?rest_route=\/wp\/v2\/pages\/58\/revisions\/298"}],"wp:attachment":[{"href":"https:\/\/mediaworld.uefa.sz-ybbs.ac.at\/index.php?rest_route=%2Fwp%2Fv2%2Fmedia&parent=58"}],"curies":[{"name":"wp","href":"https:\/\/api.w.org\/{rel}","templated":true}]}}